{"id":181,"date":"2018-12-14T15:44:55","date_gmt":"2018-12-14T15:44:55","guid":{"rendered":"https:\/\/sozialrecht-mainspessart.de\/?page_id=181"},"modified":"2018-12-14T15:44:55","modified_gmt":"2018-12-14T15:44:55","slug":"verkehrsrecht","status":"publish","type":"page","link":"https:\/\/sozialrecht-mainspessart.de\/?page_id=181","title":{"rendered":"Verkehrsrecht"},"content":{"rendered":"\n<ul><li>Unfall<\/li><li>Bu\u00dfgeld<\/li><li>Strafverfahren<\/li><li>F\u00fchrerschein<\/li><li>Versicherung<\/li><\/ul>\n\n\n\n<p>Vekehrsunf\u00e4lle k\u00f6nnen oft unvorhersehbare und schwerwiegende Konsequenzen haben. Selbst scheinbar kleine Vorf\u00e4lle k\u00f6nnen schnell zu zivilrechtlichen Folgestreitigkeiten mit Unfallgegner und Versicherung f\u00fchren. Daneben besch\u00e4ftigen Massendelikte wie Fahrerflucht oder Trunkenheit viele Anw\u00e4lte und Gerichte. Mitunter drohen hier schwerwiegende strafrechtliche und verwaltungsrechtliche Folgen, insbesondere der Entzug der Fahrerlaubnis. Scheuen Sie sich also nicht, fr\u00fchzeitig den Kontakt zu uns zu suchen. Nur so k\u00f6nnen wir Ihnen dabei helfen, ihre Rechte vollends zu wahren.<br><\/p>\n\n\n\n<p><br><\/p>\n","protected":false},"excerpt":{"rendered":"<p>Unfall Bu\u00dfgeld Strafverfahren F\u00fchrerschein Versicherung Vekehrsunf\u00e4lle k\u00f6nnen oft unvorhersehbare und schwerwiegende Konsequenzen haben. Selbst scheinbar kleine Vorf\u00e4lle k\u00f6nnen schnell zu zivilrechtlichen Folgestreitigkeiten mit Unfallgegner und Versicherung f\u00fchren. Daneben besch\u00e4ftigen Massendelikte wie Fahrerflucht oder Trunkenheit viele Anw\u00e4lte und Gerichte. Mitunter drohen hier schwerwiegende strafrechtliche und verwaltungsrechtliche Folgen, insbesondere der Entzug der Fahrerlaubnis. Scheuen Sie sich also &hellip; <\/p>\n<p class=\"link-more\"><a href=\"https:\/\/sozialrecht-mainspessart.de\/?page_id=181\" class=\"more-link\"><span class=\"screen-reader-text\">&#8222;Verkehrsrecht&#8220;<\/span> weiterlesen<\/a><\/p>\n","protected":false},"author":1,"featured_media":0,"parent":0,"menu_order":0,"comment_status":"closed","ping_status":"closed","template":"","meta":[],"_links":{"self":[{"href":"https:\/\/sozialrecht-mainspessart.de\/index.php?rest_route=\/wp\/v2\/pages\/181"}],"collection":[{"href":"https:\/\/sozialrecht-mainspessart.de\/index.php?rest_route=\/wp\/v2\/pages"}],"about":[{"href":"https:\/\/sozialrecht-mainspessart.de\/index.php?rest_route=\/wp\/v2\/types\/page"}],"author":[{"embeddable":true,"href":"https:\/\/sozialrecht-mainspessart.de\/index.php?rest_route=\/wp\/v2\/users\/1"}],"replies":[{"embeddable":true,"href":"https:\/\/sozialrecht-mainspessart.de\/index.php?rest_route=%2Fwp%2Fv2%2Fcomments&post=181"}],"version-history":[{"count":1,"href":"https:\/\/sozialrecht-mainspessart.de\/index.php?rest_route=\/wp\/v2\/pages\/181\/revisions"}],"predecessor-version":[{"id":182,"href":"https:\/\/sozialrecht-mainspessart.de\/index.php?rest_route=\/wp\/v2\/pages\/181\/revisions\/182"}],"wp:attachment":[{"href":"https:\/\/sozialrecht-mainspessart.de\/index.php?rest_route=%2Fwp%2Fv2%2Fmedia&parent=181"}],"curies":[{"name":"wp","href":"https:\/\/api.w.org\/{rel}","templated":true}]}}