{"id":44,"date":"2018-11-16T15:36:08","date_gmt":"2018-11-16T15:36:08","guid":{"rendered":"http:\/\/sozialrecht-mainspessart.de\/?page_id=44"},"modified":"2018-11-23T15:26:59","modified_gmt":"2018-11-23T15:26:59","slug":"arbeitsrecht","status":"publish","type":"page","link":"https:\/\/sozialrecht-mainspessart.de\/?page_id=44","title":{"rendered":"Arbeitsrecht"},"content":{"rendered":"<div class=\"n module-type-text diyfeLiveArea \">\n<ul>\n<li>K\u00fcndigungsschutz<\/li>\n<li>Lohn- und Gehaltsklagen<\/li>\n<li>Abmahnungen<\/li>\n<li>Weihnachtsgeld<\/li>\n<li>Zeugnis<\/li>\n<\/ul>\n<p>Wir vertreten\u00a0 Ihre Interessen rund um das Thema K\u00fcndigung. Kommen Sie dabei schnellstm\u00f6glich auf uns zu, um die dreiw\u00f6chige Pr\u00e4klusionsfrist zu wahren. Auch zu den Themen Lohn- und Gehaltsklage, Weihnachtsgeld, Abmahnung, Arbeitszeugnis, Schwerbehindertenrechte, Mutterschutz und sonstigen arbeitsvertraglichen Streitigkeiten beraten wir Sie gerne umfassend.<\/p>\n<\/div>\n","protected":false},"excerpt":{"rendered":"<p>K\u00fcndigungsschutz Lohn- und Gehaltsklagen Abmahnungen Weihnachtsgeld Zeugnis Wir vertreten\u00a0 Ihre Interessen rund um das Thema K\u00fcndigung. Kommen Sie dabei schnellstm\u00f6glich auf uns zu, um die dreiw\u00f6chige Pr\u00e4klusionsfrist zu wahren. Auch zu den Themen Lohn- und Gehaltsklage, Weihnachtsgeld, Abmahnung, Arbeitszeugnis, Schwerbehindertenrechte, Mutterschutz und sonstigen arbeitsvertraglichen Streitigkeiten beraten wir Sie gerne umfassend.<\/p>\n","protected":false},"author":1,"featured_media":0,"parent":0,"menu_order":0,"comment_status":"closed","ping_status":"closed","template":"","meta":[],"_links":{"self":[{"href":"https:\/\/sozialrecht-mainspessart.de\/index.php?rest_route=\/wp\/v2\/pages\/44"}],"collection":[{"href":"https:\/\/sozialrecht-mainspessart.de\/index.php?rest_route=\/wp\/v2\/pages"}],"about":[{"href":"https:\/\/sozialrecht-mainspessart.de\/index.php?rest_route=\/wp\/v2\/types\/page"}],"author":[{"embeddable":true,"href":"https:\/\/sozialrecht-mainspessart.de\/index.php?rest_route=\/wp\/v2\/users\/1"}],"replies":[{"embeddable":true,"href":"https:\/\/sozialrecht-mainspessart.de\/index.php?rest_route=%2Fwp%2Fv2%2Fcomments&post=44"}],"version-history":[{"count":6,"href":"https:\/\/sozialrecht-mainspessart.de\/index.php?rest_route=\/wp\/v2\/pages\/44\/revisions"}],"predecessor-version":[{"id":142,"href":"https:\/\/sozialrecht-mainspessart.de\/index.php?rest_route=\/wp\/v2\/pages\/44\/revisions\/142"}],"wp:attachment":[{"href":"https:\/\/sozialrecht-mainspessart.de\/index.php?rest_route=%2Fwp%2Fv2%2Fmedia&parent=44"}],"curies":[{"name":"wp","href":"https:\/\/api.w.org\/{rel}","templated":true}]}}