{"id":49,"date":"2018-11-16T15:37:45","date_gmt":"2018-11-16T15:37:45","guid":{"rendered":"http:\/\/sozialrecht-mainspessart.de\/?page_id=49"},"modified":"2018-11-23T15:06:13","modified_gmt":"2018-11-23T15:06:13","slug":"sozialrecht","status":"publish","type":"page","link":"https:\/\/sozialrecht-mainspessart.de\/?page_id=49","title":{"rendered":"Sozialrecht"},"content":{"rendered":"<div class=\"n module-type-header diyfeLiveArea \"><\/div>\n<div class=\"n module-type-text diyfeLiveArea \">\n<ul>\n<li>Gesetzliche Rentenversicherung<\/li>\n<li>Gesetzliche Unfallversicherung<\/li>\n<li>Schwerbehindertenrecht<\/li>\n<li>Gesetzliche Krankenversicherung<\/li>\n<\/ul>\n<p>Das Sozialrecht bildet den Schwerpunkt unserer anwaltlichen T\u00e4tigkeit. Hier haben wir \u00fcber viele Jahre eine umfassende fachanwaltliche Expertise erworben. Profitieren Sie von dieser, wenn es um die Themen Arbeitslosigkeit, Krankheit, Unfall und Erwerbsunf\u00e4higkeit geht. Auch bei Themen wie der Anerkennung einer Schwerbehinderung, Baf\u00f6G-Anspr\u00fcchen, Eltern- und Kindergeld sind wir der richtige Ansprechpartner.<\/p>\n<\/div>\n","protected":false},"excerpt":{"rendered":"<p>Gesetzliche Rentenversicherung Gesetzliche Unfallversicherung Schwerbehindertenrecht Gesetzliche Krankenversicherung Das Sozialrecht bildet den Schwerpunkt unserer anwaltlichen T\u00e4tigkeit. Hier haben wir \u00fcber viele Jahre eine umfassende fachanwaltliche Expertise erworben. Profitieren Sie von dieser, wenn es um die Themen Arbeitslosigkeit, Krankheit, Unfall und Erwerbsunf\u00e4higkeit geht. Auch bei Themen wie der Anerkennung einer Schwerbehinderung, Baf\u00f6G-Anspr\u00fcchen, Eltern- und Kindergeld sind wir &hellip; <\/p>\n<p class=\"link-more\"><a href=\"https:\/\/sozialrecht-mainspessart.de\/?page_id=49\" class=\"more-link\"><span class=\"screen-reader-text\">&#8222;Sozialrecht&#8220;<\/span> weiterlesen<\/a><\/p>\n","protected":false},"author":1,"featured_media":0,"parent":0,"menu_order":0,"comment_status":"closed","ping_status":"closed","template":"","meta":[],"_links":{"self":[{"href":"https:\/\/sozialrecht-mainspessart.de\/index.php?rest_route=\/wp\/v2\/pages\/49"}],"collection":[{"href":"https:\/\/sozialrecht-mainspessart.de\/index.php?rest_route=\/wp\/v2\/pages"}],"about":[{"href":"https:\/\/sozialrecht-mainspessart.de\/index.php?rest_route=\/wp\/v2\/types\/page"}],"author":[{"embeddable":true,"href":"https:\/\/sozialrecht-mainspessart.de\/index.php?rest_route=\/wp\/v2\/users\/1"}],"replies":[{"embeddable":true,"href":"https:\/\/sozialrecht-mainspessart.de\/index.php?rest_route=%2Fwp%2Fv2%2Fcomments&post=49"}],"version-history":[{"count":5,"href":"https:\/\/sozialrecht-mainspessart.de\/index.php?rest_route=\/wp\/v2\/pages\/49\/revisions"}],"predecessor-version":[{"id":138,"href":"https:\/\/sozialrecht-mainspessart.de\/index.php?rest_route=\/wp\/v2\/pages\/49\/revisions\/138"}],"wp:attachment":[{"href":"https:\/\/sozialrecht-mainspessart.de\/index.php?rest_route=%2Fwp%2Fv2%2Fmedia&parent=49"}],"curies":[{"name":"wp","href":"https:\/\/api.w.org\/{rel}","templated":true}]}}