{"id":50,"date":"2018-11-16T15:37:45","date_gmt":"2018-11-16T15:37:45","guid":{"rendered":"http:\/\/sozialrecht-mainspessart.de\/?page_id=50"},"modified":"2018-11-26T15:44:49","modified_gmt":"2018-11-26T15:44:49","slug":"versicherungsrecht","status":"publish","type":"page","link":"https:\/\/sozialrecht-mainspessart.de\/?page_id=50","title":{"rendered":"Versicherungsrecht"},"content":{"rendered":"<div class=\"n module-type-text diyfeLiveArea \">\n<ul>\n<li>Berufsunf\u00e4higkeit<\/li>\n<li>Unfall<\/li>\n<li>Krankentagegeld<\/li>\n<\/ul>\n<p>Habe Sie rechtliche Fragen zu Ihrer Berufsunf\u00e4higkeits- oder Unfallversicherung? Wollen Sie\u00a0gg\u00fc. Ihrer Versicherung Ihre \u00fcber die Jahre erworbenen Anspr\u00fcche durchsetzen? Wenn ja, k\u00f6nnen Sie bei Streitigkeiten auf unseren Sachverstand vertrauen. Wir k\u00fcmmern uns um die Einhaltung wichtiger Fristtermine und unterst\u00fctzen Sie bei der Erbringung der erforderlichen Nachweise. Auch bei Gerichtstreitigkeiten betreut Sie unsere Kanzlei auf der Grundlage jahrzentelange Erfahrung.<\/p>\n<\/div>\n","protected":false},"excerpt":{"rendered":"<p>Berufsunf\u00e4higkeit Unfall Krankentagegeld Habe Sie rechtliche Fragen zu Ihrer Berufsunf\u00e4higkeits- oder Unfallversicherung? Wollen Sie\u00a0gg\u00fc. Ihrer Versicherung Ihre \u00fcber die Jahre erworbenen Anspr\u00fcche durchsetzen? Wenn ja, k\u00f6nnen Sie bei Streitigkeiten auf unseren Sachverstand vertrauen. Wir k\u00fcmmern uns um die Einhaltung wichtiger Fristtermine und unterst\u00fctzen Sie bei der Erbringung der erforderlichen Nachweise. Auch bei Gerichtstreitigkeiten betreut Sie &hellip; <\/p>\n<p class=\"link-more\"><a href=\"https:\/\/sozialrecht-mainspessart.de\/?page_id=50\" class=\"more-link\"><span class=\"screen-reader-text\">&#8222;Versicherungsrecht&#8220;<\/span> weiterlesen<\/a><\/p>\n","protected":false},"author":1,"featured_media":0,"parent":0,"menu_order":0,"comment_status":"closed","ping_status":"closed","template":"","meta":[],"_links":{"self":[{"href":"https:\/\/sozialrecht-mainspessart.de\/index.php?rest_route=\/wp\/v2\/pages\/50"}],"collection":[{"href":"https:\/\/sozialrecht-mainspessart.de\/index.php?rest_route=\/wp\/v2\/pages"}],"about":[{"href":"https:\/\/sozialrecht-mainspessart.de\/index.php?rest_route=\/wp\/v2\/types\/page"}],"author":[{"embeddable":true,"href":"https:\/\/sozialrecht-mainspessart.de\/index.php?rest_route=\/wp\/v2\/users\/1"}],"replies":[{"embeddable":true,"href":"https:\/\/sozialrecht-mainspessart.de\/index.php?rest_route=%2Fwp%2Fv2%2Fcomments&post=50"}],"version-history":[{"count":5,"href":"https:\/\/sozialrecht-mainspessart.de\/index.php?rest_route=\/wp\/v2\/pages\/50\/revisions"}],"predecessor-version":[{"id":148,"href":"https:\/\/sozialrecht-mainspessart.de\/index.php?rest_route=\/wp\/v2\/pages\/50\/revisions\/148"}],"wp:attachment":[{"href":"https:\/\/sozialrecht-mainspessart.de\/index.php?rest_route=%2Fwp%2Fv2%2Fmedia&parent=50"}],"curies":[{"name":"wp","href":"https:\/\/api.w.org\/{rel}","templated":true}]}}